{"id":296,"date":"2024-06-01T18:50:38","date_gmt":"2024-06-01T16:50:38","guid":{"rendered":"https:\/\/davidecoppo.com\/?page_id=296"},"modified":"2025-09-30T11:58:00","modified_gmt":"2025-09-30T09:58:00","slug":"la-parte-sbagliata-edizioni-e-o-2024","status":"publish","type":"page","link":"https:\/\/davidecoppo.com\/index.php\/la-parte-sbagliata-edizioni-e-o-2024\/","title":{"rendered":"La parte sbagliata \/ Edizioni e\/o, 2024"},"content":{"rendered":"\n<p><em>La parte sbagliata<\/em> \u00e8 il mio primo romanzo. \u00c8 stato pubblicato in Italia nel maggio 2024 dalle Edizioni E\/O, ed \u00e8 stato tradotto o in corso di traduzione in 10 Paesi. Con Calmann Levy in Francia, con Europa Editions in Uk e Usa, con Kjona Verlag in Germania, con Atlas Contact in Francia, con Dioptra in Grecia, con Dom Quixote in Portogallo.<\/p>\n\n\n\n<p>*<\/p>\n\n\n\n<p>Cosa spinge un giovane di buona famiglia, senza particolari traumi alle spalle, a scegliere la via dell\u2019estremismo politico? Siamo negli anni Duemila, non nei Settanta: Ettore, il protagonista di La parte sbagliata, lasciata la periferia e arrivato in citt\u00e0 per iscriversi in un grande liceo del centro, si ritrova senza punti di riferimento, sperduto, soprattutto umanamente, in un territorio e una comunit\u00e0 in cui non sa ritrovare riferimenti n\u00e9 amicizie. Li trover\u00e0 presto in un gruppo neofascista, prima per caso, e poi coltivando da s\u00e9 la propria stessa radicalizzazione, il distacco dalla famiglia e dagli amici, fino a un inevitabile e tragico finale.<\/p>\n\n\n\n<p>\u00c8 un romanzo di formazione sbagliata, un climax non tanto \u2013 non solo \u2013 di violenza, ma anche di legami che si stringono, altri che si sfilacciano, e soprattutto di costruzione di un\u2019identit\u00e0. Allo stesso tempo, \u00e8 una confessione intima, sia tenera che dolorosa, dello spaesamento emotivo con cui ci si trova a fare i conti durante l\u2019adolescenza, e un viaggio nell\u2019attrazione che il male sa sempre esercitare.<\/p>\n\n\n\n<p>\u00abCon una lucidit\u00e0 cristallina e una tenerezza raggelante, La parte sbagliata riesce a raccontare la fascinazione di un ragazzo per la violenza attraverso il filtro dell\u2019incanto adolescenziale: non per odio o ribellismo ma come esito tragico di una timida ricerca di senso\u00bb (Vincenzo Latronico)<\/p>\n\n\n\n<p><strong><a rel=\"noreferrer noopener\" href=\"https:\/\/www.edizionieo.it\/book\/9788833577593\/la-parte-sbagliata\" data-type=\"URL\" data-id=\"https:\/\/www.edizionieo.it\/book\/9788833577593\/la-parte-sbagliata\" target=\"_blank\"><span class=\"has-inline-color has-vivid-red-color\"><span style=\"text-decoration: underline;\">Qui<\/span><\/span><\/a><\/strong><\/p>\n\n\n\n<p><strong><a rel=\"noreferrer noopener\" href=\"https:\/\/www.edizionieo.it\/reviews\/book\/34c9b718-c646-4ce7-93d0-b77d35b3832b\" data-type=\"URL\" data-id=\"https:\/\/www.edizionieo.it\/reviews\/book\/34c9b718-c646-4ce7-93d0-b77d35b3832b\" target=\"_blank\"><span class=\"has-inline-color has-vivid-red-color\"><span style=\"text-decoration: underline;\">Qui la rassegna stampa<\/span><\/span><\/a><\/strong><\/p>\n\n\n\n<figure class=\"wp-block-image size-large\"><img loading=\"lazy\" width=\"658\" height=\"1024\" src=\"https:\/\/davidecoppo.com\/wp-content\/uploads\/2024\/06\/71SUTFiyqxL._SL1500_-658x1024.jpg\" alt=\"\" class=\"wp-image-298\" srcset=\"https:\/\/davidecoppo.com\/wp-content\/uploads\/2024\/06\/71SUTFiyqxL._SL1500_-658x1024.jpg 658w, https:\/\/davidecoppo.com\/wp-content\/uploads\/2024\/06\/71SUTFiyqxL._SL1500_-193x300.jpg 193w, https:\/\/davidecoppo.com\/wp-content\/uploads\/2024\/06\/71SUTFiyqxL._SL1500_-768x1195.jpg 768w, https:\/\/davidecoppo.com\/wp-content\/uploads\/2024\/06\/71SUTFiyqxL._SL1500_.jpg 964w\" sizes=\"(max-width: 658px) 100vw, 658px\" \/><\/figure>\n","protected":false},"excerpt":{"rendered":"<p>La parte sbagliata \u00e8 il mio primo romanzo. \u00c8 stato pubblicato in Italia nel maggio 2024 dalle Edizioni E\/O, ed \u00e8 stato tradotto o in corso di traduzione in 10 Paesi. Con Calmann Levy in Francia, con Europa Editions in Uk e Usa, con Kjona Verlag in Germania, con Atlas Contact in Francia, con Dioptra [&hellip;]<\/p>\n","protected":false},"author":1,"featured_media":0,"parent":0,"menu_order":0,"comment_status":"closed","ping_status":"closed","template":"","meta":[],"_links":{"self":[{"href":"https:\/\/davidecoppo.com\/index.php\/wp-json\/wp\/v2\/pages\/296"}],"collection":[{"href":"https:\/\/davidecoppo.com\/index.php\/wp-json\/wp\/v2\/pages"}],"about":[{"href":"https:\/\/davidecoppo.com\/index.php\/wp-json\/wp\/v2\/types\/page"}],"author":[{"embeddable":true,"href":"https:\/\/davidecoppo.com\/index.php\/wp-json\/wp\/v2\/users\/1"}],"replies":[{"embeddable":true,"href":"https:\/\/davidecoppo.com\/index.php\/wp-json\/wp\/v2\/comments?post=296"}],"version-history":[{"count":4,"href":"https:\/\/davidecoppo.com\/index.php\/wp-json\/wp\/v2\/pages\/296\/revisions"}],"predecessor-version":[{"id":331,"href":"https:\/\/davidecoppo.com\/index.php\/wp-json\/wp\/v2\/pages\/296\/revisions\/331"}],"wp:attachment":[{"href":"https:\/\/davidecoppo.com\/index.php\/wp-json\/wp\/v2\/media?parent=296"}],"curies":[{"name":"wp","href":"https:\/\/api.w.org\/{rel}","templated":true}]}}