{"id":343,"date":"2025-09-30T12:24:25","date_gmt":"2025-09-30T10:24:25","guid":{"rendered":"https:\/\/davidecoppo.com\/?page_id=343"},"modified":"2025-09-30T12:45:07","modified_gmt":"2025-09-30T10:45:07","slug":"tana-brand-identity-naming","status":"publish","type":"page","link":"https:\/\/davidecoppo.com\/index.php\/tana-brand-identity-naming\/","title":{"rendered":"Tana \/ Brand identity, naming"},"content":{"rendered":"\n<p>Ho realizzato, insieme a Fabrizio Vatieri, il naming e l&#8217;identit\u00e0 coordinata di Tana &#8211; Liberi Tutti, un nuovo playground per bambini e ristorante-caff\u00e8 per adulti a Milano, nel recentemente rinnovato Certosa District. Tana esprime un senso di libert\u00e0 per grandi e piccoli ma anche di protezione: per i genitori, sicuri nell&#8217;affidare i loro bambini al coloratissimo parco giochi a tema boschivo, e per i piccoli, che sognano di rifugiarsi, per due ore di gioco, in un mondo tutto loro.<\/p>\n\n\n\n<p><strong><a rel=\"noreferrer noopener\" href=\"https:\/\/www.tanaspace.it\/about\" data-type=\"URL\" data-id=\"https:\/\/www.tanaspace.it\/about\" target=\"_blank\"><span class=\"has-inline-color has-vivid-red-color\"><span style=\"text-decoration: underline;\">Qui<\/span><\/span><\/a><\/strong> il sito ufficiale, <strong><a rel=\"noreferrer noopener\" href=\"https:\/\/www.instagram.com\/tana_space_milano\/\" data-type=\"URL\" data-id=\"https:\/\/www.instagram.com\/tana_space_milano\/\" target=\"_blank\"><span class=\"has-inline-color has-vivid-red-color\"><span style=\"text-decoration: underline;\">qui<\/span><\/span><\/a><\/strong> Instagram<\/p>\n\n\n\n<figure class=\"wp-block-image size-large\"><img loading=\"lazy\" width=\"1024\" height=\"632\" src=\"https:\/\/davidecoppo.com\/wp-content\/uploads\/2025\/09\/Screenshot-2025-09-30-alle-12.18.10-1024x632.png\" alt=\"\" class=\"wp-image-344\" srcset=\"https:\/\/davidecoppo.com\/wp-content\/uploads\/2025\/09\/Screenshot-2025-09-30-alle-12.18.10-1024x632.png 1024w, https:\/\/davidecoppo.com\/wp-content\/uploads\/2025\/09\/Screenshot-2025-09-30-alle-12.18.10-300x185.png 300w, https:\/\/davidecoppo.com\/wp-content\/uploads\/2025\/09\/Screenshot-2025-09-30-alle-12.18.10-768x474.png 768w, https:\/\/davidecoppo.com\/wp-content\/uploads\/2025\/09\/Screenshot-2025-09-30-alle-12.18.10-1536x948.png 1536w, https:\/\/davidecoppo.com\/wp-content\/uploads\/2025\/09\/Screenshot-2025-09-30-alle-12.18.10.png 1918w\" sizes=\"(max-width: 1024px) 100vw, 1024px\" \/><\/figure>\n","protected":false},"excerpt":{"rendered":"<p>Ho realizzato, insieme a Fabrizio Vatieri, il naming e l&#8217;identit\u00e0 coordinata di Tana &#8211; Liberi Tutti, un nuovo playground per bambini e ristorante-caff\u00e8 per adulti a Milano, nel recentemente rinnovato Certosa District. Tana esprime un senso di libert\u00e0 per grandi e piccoli ma anche di protezione: per i genitori, sicuri nell&#8217;affidare i loro bambini al [&hellip;]<\/p>\n","protected":false},"author":1,"featured_media":0,"parent":0,"menu_order":0,"comment_status":"closed","ping_status":"closed","template":"","meta":[],"_links":{"self":[{"href":"https:\/\/davidecoppo.com\/index.php\/wp-json\/wp\/v2\/pages\/343"}],"collection":[{"href":"https:\/\/davidecoppo.com\/index.php\/wp-json\/wp\/v2\/pages"}],"about":[{"href":"https:\/\/davidecoppo.com\/index.php\/wp-json\/wp\/v2\/types\/page"}],"author":[{"embeddable":true,"href":"https:\/\/davidecoppo.com\/index.php\/wp-json\/wp\/v2\/users\/1"}],"replies":[{"embeddable":true,"href":"https:\/\/davidecoppo.com\/index.php\/wp-json\/wp\/v2\/comments?post=343"}],"version-history":[{"count":2,"href":"https:\/\/davidecoppo.com\/index.php\/wp-json\/wp\/v2\/pages\/343\/revisions"}],"predecessor-version":[{"id":381,"href":"https:\/\/davidecoppo.com\/index.php\/wp-json\/wp\/v2\/pages\/343\/revisions\/381"}],"wp:attachment":[{"href":"https:\/\/davidecoppo.com\/index.php\/wp-json\/wp\/v2\/media?parent=343"}],"curies":[{"name":"wp","href":"https:\/\/api.w.org\/{rel}","templated":true}]}}