{"id":370,"date":"2025-09-30T12:42:27","date_gmt":"2025-09-30T10:42:27","guid":{"rendered":"https:\/\/davidecoppo.com\/?page_id=370"},"modified":"2025-09-30T12:42:27","modified_gmt":"2025-09-30T10:42:27","slug":"quello-tra-letteratura-e-moda-e-sempre-stato-un-flirt-complicato-rivistastudio-com-settembre-2025","status":"publish","type":"page","link":"https:\/\/davidecoppo.com\/index.php\/quello-tra-letteratura-e-moda-e-sempre-stato-un-flirt-complicato-rivistastudio-com-settembre-2025\/","title":{"rendered":"Quello tra letteratura e moda \u00e8 sempre stato un flirt complicato \/ rivistastudio.com, settembre 2025"},"content":{"rendered":"\n<p>Molti scrittori e scrittrici del passato erano grandi appassionati di moda: a un certo punto, per\u00f2, c&#8217;\u00e8 stata una separazione, tanto che oggi pu\u00f2 sembrare strano che la moda si interessi alla letteratura, e viceversa. Cos&#8217;\u00e8 successo? Una conversazione con Maria Luisa Frisa e Olga Campofreda al Festivaletteratura di Mantova.<\/p>\n\n\n\n<p><strong><a rel=\"noreferrer noopener\" href=\"https:\/\/www.rivistastudio.com\/moda-letteratura-rapporto\/\" data-type=\"URL\" data-id=\"https:\/\/www.rivistastudio.com\/moda-letteratura-rapporto\/\" target=\"_blank\"><span class=\"has-inline-color has-vivid-red-color\">Qui<\/span><\/a><\/strong><\/p>\n\n\n\n<figure class=\"wp-block-image size-large\"><img loading=\"lazy\" width=\"1024\" height=\"656\" src=\"https:\/\/davidecoppo.com\/wp-content\/uploads\/2025\/09\/GettyImages-2222539502-1024x656.jpg\" alt=\"\" class=\"wp-image-371\" srcset=\"https:\/\/davidecoppo.com\/wp-content\/uploads\/2025\/09\/GettyImages-2222539502-1024x656.jpg 1024w, https:\/\/davidecoppo.com\/wp-content\/uploads\/2025\/09\/GettyImages-2222539502-300x192.jpg 300w, https:\/\/davidecoppo.com\/wp-content\/uploads\/2025\/09\/GettyImages-2222539502-768x492.jpg 768w, https:\/\/davidecoppo.com\/wp-content\/uploads\/2025\/09\/GettyImages-2222539502.jpg 1200w\" sizes=\"(max-width: 1024px) 100vw, 1024px\" \/><\/figure>\n","protected":false},"excerpt":{"rendered":"<p>Molti scrittori e scrittrici del passato erano grandi appassionati di moda: a un certo punto, per\u00f2, c&#8217;\u00e8 stata una separazione, tanto che oggi pu\u00f2 sembrare strano che la moda si interessi alla letteratura, e viceversa. Cos&#8217;\u00e8 successo? Una conversazione con Maria Luisa Frisa e Olga Campofreda al Festivaletteratura di Mantova. Qui<\/p>\n","protected":false},"author":1,"featured_media":0,"parent":0,"menu_order":0,"comment_status":"closed","ping_status":"closed","template":"","meta":[],"_links":{"self":[{"href":"https:\/\/davidecoppo.com\/index.php\/wp-json\/wp\/v2\/pages\/370"}],"collection":[{"href":"https:\/\/davidecoppo.com\/index.php\/wp-json\/wp\/v2\/pages"}],"about":[{"href":"https:\/\/davidecoppo.com\/index.php\/wp-json\/wp\/v2\/types\/page"}],"author":[{"embeddable":true,"href":"https:\/\/davidecoppo.com\/index.php\/wp-json\/wp\/v2\/users\/1"}],"replies":[{"embeddable":true,"href":"https:\/\/davidecoppo.com\/index.php\/wp-json\/wp\/v2\/comments?post=370"}],"version-history":[{"count":1,"href":"https:\/\/davidecoppo.com\/index.php\/wp-json\/wp\/v2\/pages\/370\/revisions"}],"predecessor-version":[{"id":372,"href":"https:\/\/davidecoppo.com\/index.php\/wp-json\/wp\/v2\/pages\/370\/revisions\/372"}],"wp:attachment":[{"href":"https:\/\/davidecoppo.com\/index.php\/wp-json\/wp\/v2\/media?parent=370"}],"curies":[{"name":"wp","href":"https:\/\/api.w.org\/{rel}","templated":true}]}}